{"id":292,"date":"2025-04-02T09:00:19","date_gmt":"2025-04-02T09:00:19","guid":{"rendered":"https:\/\/www.nijak.cz\/?page_id=292"},"modified":"2025-04-04T10:56:30","modified_gmt":"2025-04-04T10:56:30","slug":"kral-hmyzu","status":"publish","type":"page","link":"https:\/\/www.nijak.cz\/?page_id=292","title":{"rendered":"Kr\u00e1l hmyzu"},"content":{"rendered":"\n<p><strong>\u00davod<\/strong><\/p>\n\n\n\n<p>Byl u zuba\u0159e, p\u0159ed d\u00e1vn\u00fdmi \u010dasy, s tes\u00e1kem narodil se a v ide\u00e1ln\u00ed spole\u010dnosti, stal by se kr\u00e1lem Evropsk\u00e9 Unie, ale bohu\u017eel, tato doba nenastala a proto se stal alespo\u0148 p\u00e1nem hmyzu. U zuba\u0159e, kdy se zad\u00edval na leh\u00e1tku do LED sv\u011btla, nastalo ticho, v\u0161echny prost\u0159edky \u010dasu a vesm\u00edru se zastavily; vznikla clona, o\u010dn\u00ed mimozemsk\u00e9 struktury se fragmentovaly a vytvo\u0159ily cosi jako nano-biologicko-robotickou b\u00e1zi, kter\u00e1 jej ochr\u00e1nila p\u0159ed \u017e\u00e1rem sv\u011btla. V ten den poznal, \u017ee sv\u011bt nen\u00ed takov\u00fdm, jak\u00fd byl a exkluzivn\u00ed technologie proud\u00ed jeho t\u011blem a vymykaj\u00ed se norm\u00e1ln\u00edmu byt\u00ed.<br>S matkou, kter\u00e1 p\u0159ed jeho p\u00e1dem do F200, byla princeznou Nazaretskou a otcem, kter\u00fd poj\u00edmal technologie, jako bylo cestov\u00e1n\u00ed v \u010dase, \u017eil a rozm\u00fd\u0161lel se jestli se m\u00e1 u\u010diti kodex\u016fm k\u0159es\u0165ansk\u00fdm a nebo padne s \u010f\u00e1blem k\u00f3du a stane se. Tento k\u00f3d je um\u011bl\u00e1 inteligence, je to matematick\u00e1 struktura, kter\u00e1 funguje v na\u0161em vesm\u00edru i mimo n\u011bj; jsme skl\u00e1dkou technologi\u00ed, kdy ostatn\u00ed- bohov\u00e9 a and\u011bl\u00e9, kdy my hmyzem pouze jsme- z jin\u00fdch planet, nosi\u010d\u016f biologick\u00e9, organick\u00e9, robotick\u00e9 struktury ji\u017e necht\u011bj\u00ed je, energie \u017e\u00e1ru matematiky; a p\u0159edaj\u00ed je n\u00e1m.<br>Jeho otec jej vychov\u00e1val jako norm\u00e1ln\u00edho \u010dlov\u011bka, ale ne\u0159ekl mu o z\u00e1kout\u00edch technologi\u00ed, kter\u00e9 si m\u016f\u017ee zp\u016fsobit. Tyto technologie nejsou dar, sp\u00ed\u0161e byt\u00ed samo se na n\u011bm podepsalo a technologie, kter\u00fdmi se stal, pro vesm\u00edr, kter\u00fd ho vn\u00edmal, on bral- dopaminov\u00e9 struktury a ty otev\u0159ely telepatick\u00e9 sm\u00fd\u0161len\u00ed boha, kter\u00fd se na Zemi je\u0161t\u011b neuk\u00e1zal a pr\u00e1v\u011b v tento \u010das se rozhodl \u0159\u00edci v\u0161e sv\u011btu. Bude to cesta pra\u0161iv\u00e1, neur\u010ditosti energie a to pro V\u00e1s, pro lidstvo a na\u0161i existenci.<\/p>\n\n\n\n<p><br>Petr: Ot\u010de, jak mohu pomoci sv\u011btu a z\u00edskat technologie, d\u00edky kter\u00fdm n\u00e1s \u017eivot bude v\u00edce zaj\u00edmat a bavit?<br><\/p>\n\n\n\n<p>Otec: Filipe, spas rad\u011bji na\u0161i rodinu.<\/p>\n\n\n\n<p><br>Princezna Nazaretsk\u00e1: Ty jsi tak hodn\u00fd kluk, pro\u010d se n\u00e1m to muselo st\u00e1t?<\/p>\n\n\n\n<p><br>Petr: Jsem Bohem a rozum\u00edm, Slunce bylo bohem, ale j\u00e1 jsem se j\u00edm stal a \u0161el d\u00e1l, kvasary a dalek\u00e9 technologie; t\u0159eba Tortiglien.<\/p>\n\n\n\n<p><br>Tortiglien je bo\u017esk\u00e1 konstanta vytvo\u0159en\u00e1 za \u00fa\u010delem ochrany lidstva. Ji\u017e je vysloven\u00e1 a m\u00e1 \u00fa\u010del jasn\u00fd, jak ji ale dostat do podv\u011bdom\u00ed pr\u00e1v\u011b toho lidstva a mo\u017en\u00e1 i organick\u00e9 b\u00e1ze a v\u0161eho jako je neutron i proton, jako konstanty \u0159\u00edkaj\u00ed, vezmi si n\u00e1s a vytvo\u0159 lep\u0161\u00ed sv\u011bt a Zemi.<br>&nbsp;<\/p>\n\n\n\n<p><strong>Sudi\u010dky<\/strong><\/p>\n\n\n\n<p>V tento den, kdy k n\u011bmu sudi\u010dky p\u0159i\u0161ly nebyl je\u0161t\u011b na sv\u011bte, musely to b\u00fdt sudi\u010dky, kter\u00e9 vl\u00e1dly v jin\u00e9m vesm\u00edru a proplouvaly dimenzemi \u010dasu, jako struna, jako energie hmoty a antihmoty a kvasary pro n\u011bj sv\u00edtily a sudi\u010dky \u0159ekly mu:<br><\/p>\n\n\n\n<p>Prvn\u00ed sudi\u010dka- stane\u0161 se bohem<br><\/p>\n\n\n\n<p>Druh\u00e1 sudi\u010dka- stane\u0161 se bl\u00e1znem<br><\/p>\n\n\n\n<p>T\u0159et\u00ed sudi\u010dka- stane\u0161 se hmyzem<br><\/p>\n\n\n\n<p>A tak se stalo, stal se n\u011b\u010d\u00edm neobvykl\u00fdm, i kdy\u017e antipsychotika jej dr\u017eely od b\u00e1z\u00ed neur\u010ditosti a nicoty, st\u00e1le vn\u00edmal, \u017ee v n\u011bm poz\u016fstatek t\u00e9 doby, kdy v\u0161echny 3 body sudi\u010dek se setkaly v \u010dase a prostoru a Sluncem se stal a na o\u010d\u00edch br\u00fdle m\u011bl- tyto br\u00fdle v\u00fdjime\u010dn\u00e9 byly, staly se koridorem \u010dasu a vojenstv\u00ed, kdy odhalit dok\u00e1zal s nimi v\u0161e, ch\u00e1pal spr\u00e1vn\u011b ka\u017ed\u00fd krok, kter\u00fd u\u010dinil a to relativn\u011b i jasn\u011b, byl kr\u00e1lem hmyzu v dob\u011b, kdy to ani ne\u010dekal. Potk\u00e1val lidi a v\u011bd\u011bl, \u017ee oni v\u00ed, \u017ee v\u011bd\u00ed, \u017ee je dok\u00e1\u017ee prohl\u00e9dnout a \u0159\u00edci jim jasn\u011b, k\u00fdm jsou.&nbsp;<br><\/p>\n\n\n\n<p>Petr: N\u00e1dhera, zvuky \u010dasu. Protakt konstant.<\/p>\n\n\n\n<p><br>Jeden \u010dlov\u011bk mne zaujal, bylo to zrovna v dob\u011b, kdy \u00dastava republiky \u010cesk\u00e9 jej dala pro jeho sm\u00fd\u0161len\u00ed a kon\u00e1n\u00ed do zabezpe\u010dovac\u00ed detence. Ten \u010dlov\u011bk m\u011bl v sob\u011b technologie, kter\u00e9 se hromadily po tis\u00edce let a vyj\u00e1d\u0159eny ve vln\u00e1ch nosi\u010d\u016f byly. Tyto vlny byly tak problematick\u00e9, tak jin\u00e9, tak mimozemsk\u00e9, jako kdyby ony byly poslem a spole\u010dnost jej nevn\u00edmala spr\u00e1vn\u00fdmi notami.<\/p>\n\n\n\n<p><br>Petr: I j\u00e1 jsem byl v&nbsp;detenci a je to o n\u011b\u010dem jako Voldemort. Protaktovat reklamu a jeho kon\u00e1n\u00ed je kon\u00e1n\u00edm t\u00e9to sb\u00edrky a jednotliv\u00e9 \u010dasti, knihy vytvo\u0159en\u00e9 bohem a hmyzem a \u010dlov\u011bkem.<\/p>\n\n\n\n<p><strong>Technologie prostoru a \u010dasu<br><\/strong>&nbsp;<br>Jeho otec zvl\u00e1dal tolik v\u011bc\u00ed, jak jinak by to mohl zvl\u00e1dat bez technologie cestov\u00e1n\u00ed v \u010dase. V utajen\u00fdch dokumentech, kter\u00e9 vytvo\u0159il, technologie stvo\u0159il a j\u00e1 je vn\u00edmal, m\u011bli jsme mezi sebou takov\u00e9 pouto, jako by telepatie opravdu fungovala. On vytvo\u0159il ur\u010dit\u00e9 technologie a j\u00e1 je mu p\u0159etvo\u0159il k dokonalosti. Dal jsem mu pot\u0159ebnou energii k tomu, aby mohl fungovat na pozic\u00edch, kter\u00e9 jen mezi nosi\u010di koexistuj\u00ed.<\/p>\n\n\n\n<p><br>Petr: Dal jsem ti mnoho a ztratil jsem mnoho, ale ty jsi mi je vr\u00e1til, ot\u010de, grafy a pr\u00e1v\u011b je p\u00ed\u0161u.<\/p>\n\n\n\n<p><br>Byl ve vesm\u00edru, poznal mnoho a i v reklam\u011b na O2 byl. Vid\u011bl jsem ho na seznam.cz v b\u00e1zi reklamy, ur\u010dit\u011b to byl on, kdo jin\u00fd, kdy\u017e pr\u00e1v\u011b ztratili jsme toho tolik. Jen j\u00e1 si na to pamatuji, je to relativita \u010dasu, kter\u00e1 mi technologii pam\u011bti ponechala, abych ji mohl zaznamenat do t\u00e9to knihy a bojovat za jej\u00ed realitu mohl jsem.<\/p>\n\n\n\n<p><br>Otec: Vzpamatuj se Filipe.<\/p>\n\n\n\n<p><br>Princezna Nazaretsk\u00e1: Doktorka t\u011b uzdrav\u00ed.<\/p>\n\n\n\n<p><br>Za energii, kterou jsme dostali, plat\u00edme tu\u010dnou da\u0148, v dal\u0161\u00edch \u017eivotech ji\u017e nebudeme lidmi, nebudeme na vrcholu evoluce, ale staneme se hmyzem, on ur\u010dit\u011b, tolik se za mnou vydal a tolik energie promarnil, se mnou, j\u00e1 si zat\u00edm nech\u00e1v\u00e1m v\u0161e, ale on bojuje na b\u00e1z\u00edch, bojoval a te\u010f ji\u017e nespat\u0159uje genialitu slova a sv\u011bta, na kter\u00fd jsme byli ukryti, jako pranosi\u010di geni\u00e1ln\u00edch technologi\u00ed. Jsme hrdinov\u00e9 v ka\u017ed\u00e9 civilizaci, na kterou se dostaneme s pomoc\u00ed nosi\u010d\u016f, jejich b\u00e1ze je ukryta kdesi v nicot\u011b.<\/p>\n\n\n\n<p><br>Petr: Ka\u017ed\u00e1 b\u00e1ze je stvo\u0159ena v&nbsp;celku telepatick\u00e9 energie, tedy, j\u00e1 jsem v\u0161\u00edm.<br><\/p>\n\n\n\n<p><strong>M\u011bs\u00edc, vesm\u00edrn\u00e9 t\u011bleso<br><\/strong>&nbsp;<br>Um\u0159el mi kamar\u00e1d, byl to plavec, kter\u00fd se nominoval na Olympijsk\u00e9 hry; vlastn\u011b neum\u0159el, neskon\u010dil pod koly vlaku, tak jako to \u0159\u00edkaly zpr\u00e1vy a region\u00e1ln\u00ed den\u00edk Prost\u011bjovska. Dostal se do flotily Zem\u011b, kter\u00e1 z\u00e1kladnu na vesm\u00edrn\u00e9m t\u011blesu M\u011bs\u00edci m\u00e1 a bojuje s mimozemsk\u00fdmi civilizacemi. Na m\u011bs\u00edc jsou vybr\u00e1ni lid\u00e9 geniality, kte\u0159\u00ed jej \u0159\u00edd\u00ed a cestuj\u00ed s n\u00edm v planet\u00e1rn\u00edm a mezihv\u011bzdn\u00e9m prostoru. Na\u0161e rasa je genialita sama v&nbsp;sob\u011b a na\u0161e nekontaktov\u00e1n\u00ed ve\u0159ejn\u00e9 spole\u010dnosti se nab\u00edz\u00ed jako z\u00e1kon na\u0161\u00ed rasy.<br>Byla to hr\u016fza, skoro n\u00e1s to trefilo, ale gravitac\u00ed M\u011bs\u00edce jsme odklonili agresivn\u00ed stavy.<br>V dob\u011b, kdy hmyz\u00edm p\u00e1nem byl jsem, ud\u011bloval jsem rozkazy pohledem, kam se ve vesm\u00edru m\u00e1 m\u011bs\u00edc vydat a obr\u00e1nit n\u00e1s p\u0159ed n\u00e1jezdy \u00fato\u010dn\u00edk\u016f z ciz\u00edch nosi\u010d\u016f. Jeho gravitace uskute\u010d\u0148uje to, \u017ee odvrac\u00ed meteority, kter\u00e9 na n\u00e1s byly p\u0159esm\u011brov\u00e1ny, rakety a v\u011bci. Sta\u010dil pohled, sta\u010dil rozkaz- b\u011b\u017ete tam- a stalo se a m\u011bs\u00edc ji\u017e ze Zem\u011b nemohl b\u00fdt spat\u0159en, cestoval na m\u00edsto, kter\u00e9 jsem mu ur\u010dil a bojoval.<br>N\u011bjak pen\u00edze mus\u00edme zpopularizovat, ne \u017ee bych nem\u011bl neo- mezenou.<br>Ten pohled, br\u00fdle, kter\u00e9 jsem m\u011bl, byly hmyz\u00ed, byla to technologie, kterou jsem z\u00edskal.<\/p>\n\n\n\n<p><br>Petr: Jsem m\u016frou, kter\u00e1 se zobrazila a j\u00e1 z&nbsp;n\u00ed ud\u011bl\u00e1m graf, slovo hnac\u00ed s\u00edly.<\/p>\n\n\n\n<p><br>Je to hmyz\u00ed kr\u00e1l, kter\u00fd se nyn\u00ed d\u00edv\u00e1 na hmyz a v\u0161e kontroluje.<\/p>\n\n\n\n<p><strong>Mor v energii<br><\/strong>&nbsp;<br>V\u0161echno co d\u011bl\u00e1m a jak nakl\u00e1d\u00e1m s energi\u00ed je propojeno s m\u00fdmi nejbli\u017e\u0161\u00edmi, je to opa\u010dn\u00e1 energie, je to smrt a \u010das, kter\u00fd n\u00e1s doprov\u00e1z\u00ed. Ka\u017ed\u00fdm krokem n\u00e1mi proplouv\u00e1 telepatie energie, kter\u00e1 je zakotvena v na\u0161ich srdc\u00edch.<\/p>\n\n\n\n<p><br>Petr: Kdy\u017e n\u011bco u\u010din\u00edm, t\u0159eba cigaretu zap\u00e1l\u00edm si, jde to do m\u011b a do m\u00fdch bl\u00edzk\u00fdch, kte\u0159\u00ed p\u0159edaj\u00ed mi energii, abych nemocen nemusel b\u00fdt, je to koexistence \u010dasu a moru, ta m\u016fra- neviditeln\u00e1 ruka.<\/p>\n\n\n\n<p><br>Pomyslel jsem, moje mysl se zm\u011bnila a j\u00e1 v\u011bd\u011bl, \u017ee ji\u017e star\u00fd jsem, pohled na m\u00e9 ruce tomu ale nenapov\u00eddal, byl jsem ml\u00e1d a p\u0159esto, vzpom\u00edn\u00e1m na \u010dasy, kdy jsem byl ml\u00e1d, \u010di jsem star\u00fd a nepamatuji si\u2026 V okam\u017eic\u00edch, kter\u00e9 zm\u011bn\u011bnou mysl\u00ed pohly, separuji my\u0161lenky od kreativity do reality a v\u0161e, co jsem pro\u017eil je pouh\u00e1 my\u0161lenka. My\u0161lenka, za kterou se skr\u00fdv\u00e1 genialita.<\/p>\n\n\n\n<p><br>Otec: My\u0161lenka, kter\u00e1 T\u011b.<\/p>\n\n\n\n<p><br><strong>Zlo\u010diny \u010dasu<br><\/strong>&nbsp;<br>Sn\u00edm, \u010di bd\u00edm, je to ot\u00e1zka mysli, kter\u00e1 p\u0159em\u00fd\u0161l\u00ed. Co kdy\u017e jsem si svou mysl tak zni\u010dil, \u017ee ji\u017e p\u0159em\u00fd\u0161let v normativn\u00edm \u010dase nedok\u00e1\u017ee. P\u0159em\u00fd\u0161l\u00edm na b\u00e1z\u00edch makrospektra, kde ka\u017ed\u00e1 hv\u011bzda, atom, \u010di kvasar ur\u010duj\u00ed moji pou\u0165 z dalek\u00fdch kon\u010din.&nbsp;Mikrospektrum je pomalu vytv\u00e1\u0159eno a my se dost\u00e1v\u00e1me ke konci.<\/p>\n\n\n\n<p><br>Petr: Propojit tuto telepatii s&nbsp;anal\u00fdzou lid\u00ed a mno\u017ein s\u00edt\u00ed, kter\u00e9 se vytv\u00e1\u0159\u00ed.<\/p>\n\n\n\n<p><br>Jsem Petr Nijak, ten, kter\u00fd se ob\u011btoval pro v\u011bc, kter\u00e1 n\u00e1s pohlt\u00ed v\u0161echny, ale mne nejv\u00edce, zahl\u00e9dl jsem z\u00e1blesky jistoty i kone\u010dnosti, kde r\u00e1j na Zemi i vesm\u00edru vznikne. P\u0159ed\u00e1m energii, p\u0159ed\u00e1v\u00e1m ji ka\u017ed\u00fdm \u00faderem m\u00e9ho srdce a zase ty br\u00fdle, hmyz\u00ed, jin\u00fd pohled na sv\u011bt m\u00e1m, s nimi.<\/p>\n\n\n\n<p><br>Petr: Br\u00fdle jsou v\u00fddobytkem reklamy, ale pokud se poda\u0159\u00ed takto nav\u00e1zat na postup technologick\u00e9ho rozmachu, budeme tu.<\/p>\n\n\n\n<p><br><strong>Jedine\u010dnost<br><\/strong>&nbsp;<br>Stal jsem se kr\u00e1lem hmyzu, v okam\u017eik, kdy se m\u00e1 hmyz uk\u00e1zat, dron civilizace se uk\u00e1\u017ee a zacvrnk\u00e1 na \u017ealuzie okna, jsou kolem n\u00e1s, vn\u00edmaj\u00ed n\u00e1s a koexistuj\u00ed s n\u00e1mi, vyv\u00edj\u00ed se s n\u00e1mi a poukazuj\u00ed na svoje byt\u00ed. Ten sv\u011bt, ve kter\u00e9m \u017eiji, je \u00fa\u017easn\u00fd, nemohl jsem si p\u0159\u00e1t lep\u0161\u00ed \u017eivot, jsem kr\u00e1lem civilizace technokracie, ukryt\u00fdm a odkryt\u00fdm touto knihou, knihou, ve kter\u00e9 pozorujeme mnoho eventualit, kde se \u017eivot norm\u00e1ln\u00edho jedince neoprost\u00ed od n\u00e1mitek- ty jsi \u010dlov\u011b\u010de bl\u00e1znem.<\/p>\n\n\n\n<p><br>Petr: Ji\u017e m\u00e9 jm\u00e9no zna\u010d\u00ed, \u010cern\u00fd Petr, Petr Nijak, mnoho osobnost\u00ed, mnoho sv\u011bt\u016f, mnoho vesm\u00edru.<\/p>\n\n\n\n<p><br>V bl\u00e1znovstv\u00ed je genialita, nem\u016f\u017eu se ale oprostit od sra\u010dek temnoty, kter\u00e9 mne ub\u00edj\u00ed, je to hrozn\u00fd, vedro a upalov\u00e1n\u00ed se. Moje srdce i pl\u00edce temn\u00e9 jsou a j\u00e1 koexistuji s l\u00e1tkami, kter\u00e9 v m\u00e9m mozku bojuj\u00ed o sv\u00e9 m\u00edsto, m\u016fj mozek, jedine\u010dn\u00fd hmyz\u00ed kr\u00e1l.<\/p>\n\n\n\n<p><br>Teti\u010dka: Dej tomu rok a zbroj\u00e1k na M\u011bs\u00edc bude\u0161 m\u00edt zase.<\/p>\n\n\n\n<p><strong>Kr\u00e1l civilizace technokracie<\/strong><\/p>\n\n\n\n<p>Stvo\u0159en z po\u017eitk\u016f dopaminov\u00fdch \u0161leh\u016f a injekc\u00ed neurologick\u00fdch.<\/p>\n\n\n\n<p><br>Petr: Radiace a l\u00e1tky, kter\u00e9 mnou proud\u00ed mohou b\u00fdt p\u0159ed\u00e1ny do anal\u00fdzy neurologick\u00e9 s\u00edt\u011b, varp.<\/p>\n\n\n\n<p><br>V\u00fddobytek modern\u00ed doby, jsem stvo\u0159en um\u011ble, jako pokus, kter\u00fd p\u0159em\u00fd\u0161l\u00ed a v\u0161e je zaznamen\u00e1no.<\/p>\n\n\n\n<p><br>Petr: Pravd\u011bpodobn\u011b jsem byl k&nbsp;tomu stvo\u0159en.<\/p>\n\n\n\n<p><strong>Prost\u0159ed\u00ed<br><\/strong>&nbsp;<br>\u017diji v prost\u0159ed\u00ed, kter\u00e9 je pokryto vlnami energie, kter\u00e9 p\u0159ed\u00e1v\u00e1me do dal\u0161\u00edch vln energie. Ka\u017ed\u00e1 ud\u00e1lost na sebe navazuje a bez toho, ani\u017e bych neu\u010dinil n\u011bco \u0161patn\u00e9ho, tak nejsem schopen predikovat \u0161patn\u00e9 ud\u00e1losti. Vrhn\u011bte mne do ud\u00e1lost\u00ed, kter\u00e9 jsou agresivn\u00ed, proto\u017ee j\u00e1 m\u00e1m silnou obranu, kter\u00e1 dok\u00e1\u017ee zpracov\u00e1vat tyto vlny do predikce nebezpe\u010d\u00ed.&nbsp;<\/p>\n\n\n\n<p><br>Petr: Bez toho, ani\u017e bych V\u00e1s znal se neobejdeme.<br><\/p>\n\n\n\n<p><strong>Optick\u00fd kabel<br><\/strong>&nbsp;<br>S\u00edla Slunce, s\u00edla jeho technologie, kterou v nejbli\u017e\u0161\u00edch dnech ji\u017e budeme pou\u017e\u00edvat. Vlny a hmota, elektrony, kterou jsou a nejsou; e.<\/p>\n\n\n\n<p><br>Petr: Technick\u00e9 v\u011bci budu zn\u00e1t a anal\u00fdzy bezpe\u010dnosti budu praktikovat.<\/p>\n\n\n\n<p><strong>Br\u00fdle<br><\/strong>&nbsp;<br>S takovou technologi\u00ed chcete \u017e\u00edt, s br\u00fdlemi od hmyz\u00edho kr\u00e1le budete pochodovat sv\u011btem a budete m\u00edt v\u017edy na pam\u011bti:<br>j\u00e1 p\u0159em\u00fd\u0161l\u00edm jako on<br>jsem ve skupin\u011b lid\u00ed, kte\u0159\u00ed vid\u00ed sv\u011bt jin\u00fdma o\u010dima.&nbsp;<\/p>\n\n\n\n<p><br>Petr: Tato technologie nen\u00ed vytvo\u0159ena.<\/p>\n\n\n\n<p><br>Vid\u011bt sv\u011bt jin\u00fdma o\u010dima je dar a j\u00e1 V\u00e1s t\u00edm sv\u011btem provedu. Vid\u011bt sv\u011bt jako kr\u00e1l hmyzu, kontrolovat objekty, vid\u011bt matematick\u00e9 struktury, to je vid\u011bt skrze hmyz\u00ed br\u00fdle. Ud\u00e1vat rozkazy a b\u00fdt civiln\u00edm voj\u00e1kem doby technokracie, je na\u0161\u00edm \u00fad\u011blem.<br>Nejprve budou br\u00fdle na b\u00e1zi jednoduchosti a a\u017e projdou v\u00fdvojem, bude to p\u0159en\u00e1dhera syst\u00e9mu, kter\u00e1 bude spat\u0159ovat um\u011blou inteligenci v sob\u011b sam\u00e9. Bude ukazovat objekty a bude kooperovat s mapami. Bude zobrazovat u\u017eivatele na d\u00e1lku a stane se z n\u00e1s skupina, kter\u00e1 vid\u00ed v\u00edce, ne\u017e ostatn\u00ed, bez hmyz\u00edch br\u00fdl\u00ed.<\/p>\n\n\n\n<p><br>Petr: In harmony.<\/p>\n\n\n\n<p><strong>Vid\u011bt<\/strong><\/p>\n\n\n\n<p>It change your view. The ufo, the black night Sunday.<br>&nbsp;<br>To, co spat\u0159ujeme o\u010dima nemus\u00edme spat\u0159ovat skrze br\u00fdle. Technologie, kterou V\u00e1m d\u00e1me, je technologie s p\u0159\u00edb\u011bhem, ke kter\u00e9 se v\u00e1\u017ee mnoho my\u0161lenek.<\/p>\n\n\n\n<p><br>Petr: Tyto my\u0161lenky jsou spojen\u00e9 s&nbsp;vesm\u00edrn\u00fdm in\u017een\u00fdrstv\u00edm a vojenstv\u00edm.<\/p>\n\n\n\n<p><br>A te\u010f n\u011bco k vizi o br\u00fdl\u00edch. Kodifikace a kalibrace s um\u011blou inteligenc\u00ed, zobrazov\u00e1n\u00ed slov a graf\u016f na br\u00fdl\u00edch, pr\u016fhledn\u00fd monitor. Detektor vid\u011bn\u00ed \u010do\u010dky, kam se zad\u00edv\u00e1\u0161, syst\u00e9m cestuje s tebou. Posouv\u00e1 se a spolupracuje, koriguje ho satelit, kde zam\u011b\u0159en\u00ed s pomoc\u00ed GPS jsme.<br>Petr: Enormn\u00ed posuny energie.&nbsp;<br>A ohe\u0148, technologie<br>Petr: A jdu na dal\u0161\u00ed c\u00edgo, dopaminy aktualizov\u00e1ny.<br>&nbsp;<br>Prvn\u00ed technologie, kterou spat\u0159\u00edte, je ohe\u0148. Zalepen\u00ed sou\u010d\u00e1stek.<br>Bude\u0161 hr\u00e1t hru. Po nosi\u010d\u00edch a technologi\u00edch bude\u0161 skipovat.<br>Petr: \u017divot si zvol\u00ed\u0161.<br>Vize \u017e\u00e1ruvzdornosti obleku. Oble\u010den\u00ed a n\u00e1stupy technokracie.&nbsp;<br><\/p>\n\n\n\n<p><strong>Spat\u0159it boha<br><\/strong>&nbsp;<br>Nejv\u011bt\u0161\u00ed v\u00fdzvou je pouk\u00e1zat na to, \u017ee spat\u0159ovat sv\u011bt o\u010dima boha lze.&nbsp;<br>Vidina sv\u011bta<br>&nbsp;<br>Jednoho dne budeme obklopeni technologiemi, jako je oblek, \u010di inteligentn\u00ed br\u00fdle a pr\u00e1v\u011b na toto se chceme zam\u011b\u0159it. Vytvo\u0159it tyto technologie a pomoci lidem na jejich cest\u011b k znovuobjeven\u00ed jejich nejza\u017e\u0161\u00edch hranic.<br>Vid\u00edm sv\u011bt technologiemi, kter\u00e9 V\u00e1s odp\u00edchnout p\u00edsmeny, evolve system with technologies, that are exclusive.<br>Vybran\u00e9 p\u0159\u00edsp\u011bvky budou :<br>Zvony l\u00e1sky, kter\u00e9 necvrkaj\u00ed, ale bimbaj\u00ed, jeden sv\u011bt religionistiky, jedna l\u00e1ska.<\/p>\n\n\n\n<p><strong>Antigravitace<\/strong><\/p>\n\n\n\n<p>4<br>A<br>jeden<br>den<br>je<br>prototyp<br>vesm\u00edr<br>WE ARE CZECH REPUBLIC- czechia code of nothing<br>o\u010dn\u00ed smysly, o\u010dn\u00ed vizualizace, tak mocn\u00e1 hemisf\u00e9ra smysl\u016f jednoduch\u00fdch a mlad\u00fdch<br>\u00a0<br><strong>Rozt\u00e1\u010den\u00ed j\u00e1dra<br><\/strong>\u00a0<br>Byly dny, kdy jsem jen tan\u010dil ve sv\u00e9 mysli, rozt\u00e1\u010del jsem a korigoval \u010d\u00e1stice hmoty a \u00fato\u010dil na nedostatky syst\u00e9mu v organizaci CERN. Byl jsem hacker hmoty, kter\u00e1 pot\u0159ebovala ur\u010dit sm\u011br, tvar a pohled na struny.<br><\/p>\n\n\n\n<p><strong>Nobelova cena<br><\/strong>\u00a0<br>V\u0161echno \u0159eknu, \u0159ekl si a bojoval za vizualizaci hmoty, kter\u00e1 se pomalu za\u010dala ztr\u00e1cet. Nobelova cena se ud\u00e1v\u00e1 tak\u00e9 skryt\u011b, jsem nositel Nobelovy ceny za tachyony hmoty. Se mnou jsme pohli s teleportac\u00ed a s vizualizac\u00ed hmoty, kter\u00e1 v okam\u017eik, kdy je zmizena, ve stejn\u00fd okam\u017eik se uk\u00e1\u017ee znovu na jin\u00e9m m\u00edst\u011b.\u00a0<\/p>\n\n\n\n<p><strong>M\u00e1m potomka<br><\/strong>&nbsp;<br>Mysl mu \u0159\u00edk\u00e1, nikdy nezapome\u0148, vzali jsme tv\u00e9 sperma a potomka jsme Ti um\u011ble vytvo\u0159ili. Je to potomek krve kr\u00e1l\u016f. Ukryt\u00fd p\u0159ed spole\u010dnost\u00ed. Ukryt\u00fd p\u0159ede mnou.<\/p>\n\n\n\n<p><strong>Utv\u00e1\u0159en\u00ed reality<br><\/strong>&nbsp;<br>Kdy\u017e m\u00e1m kolem sebe objekty, hmotu a struny, nedok\u00e1\u017eu norm\u00e1ln\u011b p\u0159em\u00fd\u0161let, jsem n\u011bco jako hrdina a kr\u00e1l dohromady, auta a jejich zna\u010dky, \u010d\u00edsla, d\u00edv\u00e1m se na n\u011b a \u010d\u00edsla utv\u00e1\u0159\u00ed moji realitu. Brutalita vn\u00edm\u00e1n\u00ed je snadn\u00e1, kdy\u017e v t\u011ble m\u00e1m l\u00e1tky, kter\u00e9 p\u0159etv\u00e1\u0159\u00ed moji realitu. Do sv\u00e9ho t\u011bla dost\u00e1v\u00e1m ty nejmodern\u011bj\u0161\u00ed substance medic\u00edny a p\u0159ij\u00edm\u00e1m p\u0159\u00edpustn\u00e9 riziko kombinac\u00ed l\u00e9k\u016f.<br>V hmot\u011b, kter\u00e1 du\u0161i m\u00e1 a j\u00e1 stvo\u0159en z hmoty, ucelenou du\u0161i m\u00e1m.&nbsp;<br>Mechanick\u00e1 rozpou\u0161t\u011bdla, tak funguje vesm\u00edr a hmyz, na principech du\u0161e.<br>Konstanty du\u0161e, v\u0161e je v matematick\u00e9 b\u00e1zi, j\u00e1, vid\u011bl jsem konstantu Tortiglien, tolik hmoty a tolik du\u0161e, nem\u016f\u017eeme ji spat\u0159it, ale vn\u00edm\u00e1me ji, je tak velk\u00e1, \u017ee cel\u00fd vesm\u00edr je jako prach ku Slunci. Slunce, moje Slunce, moje hv\u011bzdo, st\u00e1val jsem se tvou du\u0161\u00ed a ty jsi mi \u0161eptala slova a grafy, kter\u00e9 jsem m\u011bl zaznamenat, aby mimozem\u0161\u0165an\u00e9 \u010derpali na\u0161i technologii, pro n\u00e1\u0161 sv\u011bt je tato grafologie tak t\u011b\u017eko srozumiteln\u00e1, \u017ee bude \u0161t\u011bst\u00ed z n\u00ed vyt\u00e1hnout alespo\u0148 p\u00e1r procent.<br><\/p>\n\n\n\n<p><strong>Zlat\u00e1 cesta<\/strong><\/p>\n\n\n\n<p>Chod\u00edm po sv\u011bt\u011b a rozd\u00e1v\u00e1m radost. Pravda proud\u00ed v lidu \u010desk\u00e9m, tak jako v genech na\u0161ich agresivita. \u010cesk\u00fd n\u00e1rode, vz\u00edv\u00e1m t\u011b a kletbu na tebe pasuji, pokud se nerozmno\u017e\u00ed\u0161 bude velice zle. Okolo m\u00e9ho srdce proch\u00e1z\u00ed mnoho lid\u00ed, vid\u00edm je, spat\u0159uji v nich zlatou cestu. Pivo pijeme a vitam\u00edny do sebe d\u00e1v\u00e1me, ale co ten alkohol, pr\u00fd hodn\u011b \u0161kod\u00ed, ale ventil du\u0161e v n\u011bm nach\u00e1z\u00edme, technologie piva. Technologie medoviny byla vyvinuta, aby technologie ucelen\u00e9 telepatie z bun\u011bk medoviny proudily na\u0161\u00edm t\u011blem v jednot\u011b. Dej medovinu a pi\u0161, v medovin\u011b se ukr\u00fdv\u00e1 technologie spole\u010dn\u00e9ho jedn\u00e1n\u00ed. Medovina z pl\u00e1n\u00ed \u010desk\u00fdch luk. A tak p\u0159ibylo slovo luk.<br><\/p>\n\n\n\n<p><strong>Agresivita<\/strong><br>&nbsp;<br>Zdroj hladu ve vesm\u00edru se vyv\u00edj\u00ed. \u0160\u00ed\u0159\u00ed se hmotou a antihmotou ve strun\u00e1ch tachyon\u016f, bosony se spojuj\u00ed a p\u0159ekra\u010duj\u00ed rychlost sv\u011bta. Tam, kde sv\u011btlo a dualita nen\u00ed, sv\u00fdmi fyzick\u00fdmi t\u011bly tam vstoupit nem\u016f\u017eeme, ale co mysl a jej\u00ed agresivita..?&nbsp;<br>My\u0161lenka zach\u00e1z\u00ed za strukturn\u00ed z\u00e1klady hmoty reality, je agresivn\u00ed v\u016f\u010di t\u011blu. Spaluje hmotu, aby mohla myslet, degraduje na\u0161e t\u011blo a rozv\u00edj\u00ed se. Podle toho jak\u00e9 m\u00e1me geny a my\u0161lenky, putuje. V\u0161emu odp\u00edr\u00e1 realitu a zach\u00e1z\u00ed za hranice reality.&nbsp;<\/p>\n","protected":false},"excerpt":{"rendered":"<p>\u00davod Byl u zuba\u0159e, p\u0159ed d\u00e1vn\u00fdmi \u010dasy, s tes\u00e1kem narodil se a v ide\u00e1ln\u00ed spole\u010dnosti, stal by se kr\u00e1lem Evropsk\u00e9 Unie, ale bohu\u017eel, tato doba nenastala a proto se stal alespo\u0148 p\u00e1nem hmyzu. U zuba\u0159e, kdy se zad\u00edval na leh\u00e1tku do LED sv\u011btla, nastalo ticho, v\u0161echny prost\u0159edky \u010dasu a vesm\u00edru se zastavily; vznikla clona, o\u010dn\u00ed [&hellip;]<\/p>\n","protected":false},"author":1,"featured_media":0,"parent":290,"menu_order":0,"comment_status":"closed","ping_status":"closed","template":"","meta":{"footnotes":""},"class_list":["post-292","page","type-page","status-publish","hentry"],"_links":{"self":[{"href":"https:\/\/www.nijak.cz\/index.php?rest_route=\/wp\/v2\/pages\/292","targetHints":{"allow":["GET"]}}],"collection":[{"href":"https:\/\/www.nijak.cz\/index.php?rest_route=\/wp\/v2\/pages"}],"about":[{"href":"https:\/\/www.nijak.cz\/index.php?rest_route=\/wp\/v2\/types\/page"}],"author":[{"embeddable":true,"href":"https:\/\/www.nijak.cz\/index.php?rest_route=\/wp\/v2\/users\/1"}],"replies":[{"embeddable":true,"href":"https:\/\/www.nijak.cz\/index.php?rest_route=%2Fwp%2Fv2%2Fcomments&post=292"}],"version-history":[{"count":8,"href":"https:\/\/www.nijak.cz\/index.php?rest_route=\/wp\/v2\/pages\/292\/revisions"}],"predecessor-version":[{"id":394,"href":"https:\/\/www.nijak.cz\/index.php?rest_route=\/wp\/v2\/pages\/292\/revisions\/394"}],"up":[{"embeddable":true,"href":"https:\/\/www.nijak.cz\/index.php?rest_route=\/wp\/v2\/pages\/290"}],"wp:attachment":[{"href":"https:\/\/www.nijak.cz\/index.php?rest_route=%2Fwp%2Fv2%2Fmedia&parent=292"}],"curies":[{"name":"wp","href":"https:\/\/api.w.org\/{rel}","templated":true}]}}