{"id":341,"date":"2025-04-02T13:50:15","date_gmt":"2025-04-02T13:50:15","guid":{"rendered":"https:\/\/www.nijak.cz\/?page_id=341"},"modified":"2025-04-02T13:52:13","modified_gmt":"2025-04-02T13:52:13","slug":"desatero-prikazani","status":"publish","type":"page","link":"https:\/\/www.nijak.cz\/?page_id=341","title":{"rendered":"Desatero p\u0159ik\u00e1z\u00e1n\u00ed"},"content":{"rendered":"\n<p>Zde je Desatero p\u0159ik\u00e1z\u00e1n\u00ed, kter\u00e9 B\u016fh dal Moj\u017e\u00ed\u0161ovi na ho\u0159e Sinaj:<\/p>\n\n\n\n<ol start=\"1\" class=\"wp-block-list\">\n<li><strong>J\u00e1 jsem Hospodin, tv\u016fj B\u016fh. Nebude\u0161 m\u00edt jin\u00e9 bohy mimo m\u011b.<\/strong><\/li>\n\n\n\n<li><strong>Nezobraz\u00ed\u0161 si \u017e\u00e1dn\u00fd idol, ani \u017e\u00e1dnou modlu.<\/strong><\/li>\n\n\n\n<li><strong>Nezneu\u017eije\u0161 jm\u00e9no Hospodina, sv\u00e9ho Boha.<\/strong><\/li>\n\n\n\n<li><strong>Pamatuj na den odpo\u010dinku, aby ti byl svat\u00fd.<\/strong><\/li>\n\n\n\n<li><strong>Cti sv\u00e9ho otce a svou matku.<\/strong><\/li>\n\n\n\n<li><strong>Nezabije\u0161.<\/strong><\/li>\n\n\n\n<li><strong>Nesesmiln\u00ed\u0161.<\/strong><\/li>\n\n\n\n<li><strong>Nepokrade\u0161.<\/strong><\/li>\n\n\n\n<li><strong>Nevyd\u00e1\u0161 k\u0159iv\u00e9 sv\u011bdectv\u00ed proti sv\u00e9mu bli\u017en\u00edmu.<\/strong><\/li>\n\n\n\n<li><strong>Nepo\u017e\u00e1d\u00e1\u0161 o d\u016fm sv\u00e9ho bli\u017en\u00edho, ani jeho \u017eenu, ani jeho sluhu, ani jeho slu\u017eku, ani jeho vola, ani jeho osla, ani cokoli, co pat\u0159\u00ed tv\u00e9mu bli\u017en\u00edmu.<\/strong><\/li>\n<\/ol>\n\n\n\n<p>Tato p\u0159ik\u00e1z\u00e1n\u00ed jsou z\u00e1kladem mor\u00e1ln\u00edho a etick\u00e9ho u\u010den\u00ed v k\u0159es\u0165ansk\u00e9 tradici a maj\u00ed d\u016fle\u017eit\u00fd vliv na z\u00e1kony a spole\u010densk\u00e9 normy v mnoha kultur\u00e1ch.<\/p>\n","protected":false},"excerpt":{"rendered":"<p>Zde je Desatero p\u0159ik\u00e1z\u00e1n\u00ed, kter\u00e9 B\u016fh dal Moj\u017e\u00ed\u0161ovi na ho\u0159e Sinaj: Tato p\u0159ik\u00e1z\u00e1n\u00ed jsou z\u00e1kladem mor\u00e1ln\u00edho a etick\u00e9ho u\u010den\u00ed v k\u0159es\u0165ansk\u00e9 tradici a maj\u00ed d\u016fle\u017eit\u00fd vliv na z\u00e1kony a spole\u010densk\u00e9 normy v mnoha kultur\u00e1ch.<\/p>\n","protected":false},"author":1,"featured_media":0,"parent":323,"menu_order":0,"comment_status":"closed","ping_status":"closed","template":"","meta":{"footnotes":""},"class_list":["post-341","page","type-page","status-publish","hentry"],"_links":{"self":[{"href":"https:\/\/www.nijak.cz\/index.php?rest_route=\/wp\/v2\/pages\/341","targetHints":{"allow":["GET"]}}],"collection":[{"href":"https:\/\/www.nijak.cz\/index.php?rest_route=\/wp\/v2\/pages"}],"about":[{"href":"https:\/\/www.nijak.cz\/index.php?rest_route=\/wp\/v2\/types\/page"}],"author":[{"embeddable":true,"href":"https:\/\/www.nijak.cz\/index.php?rest_route=\/wp\/v2\/users\/1"}],"replies":[{"embeddable":true,"href":"https:\/\/www.nijak.cz\/index.php?rest_route=%2Fwp%2Fv2%2Fcomments&post=341"}],"version-history":[{"count":1,"href":"https:\/\/www.nijak.cz\/index.php?rest_route=\/wp\/v2\/pages\/341\/revisions"}],"predecessor-version":[{"id":342,"href":"https:\/\/www.nijak.cz\/index.php?rest_route=\/wp\/v2\/pages\/341\/revisions\/342"}],"up":[{"embeddable":true,"href":"https:\/\/www.nijak.cz\/index.php?rest_route=\/wp\/v2\/pages\/323"}],"wp:attachment":[{"href":"https:\/\/www.nijak.cz\/index.php?rest_route=%2Fwp%2Fv2%2Fmedia&parent=341"}],"curies":[{"name":"wp","href":"https:\/\/api.w.org\/{rel}","templated":true}]}}