{"id":353,"date":"2025-04-02T15:35:56","date_gmt":"2025-04-02T15:35:56","guid":{"rendered":"https:\/\/www.nijak.cz\/?page_id=353"},"modified":"2025-04-02T15:37:57","modified_gmt":"2025-04-02T15:37:57","slug":"manismus","status":"publish","type":"page","link":"https:\/\/www.nijak.cz\/?page_id=353","title":{"rendered":"Manismus"},"content":{"rendered":"\n<p>Manismus je n\u00e1bo\u017eensk\u00fd a kulturn\u00ed koncept, kter\u00fd se zam\u011b\u0159uje na uct\u00edv\u00e1n\u00ed p\u0159edk\u016f a v\u00edru v jejich pokra\u010duj\u00edc\u00ed vliv na \u017eivot \u017eiv\u00fdch. Tento fenom\u00e9n je roz\u0161\u00ed\u0159en\u00fd v mnoha kultur\u00e1ch po cel\u00e9m sv\u011bt\u011b, zejm\u00e9na v tradi\u010dn\u00edch spole\u010dnostech Afriky, Asie, Oce\u00e1nie a Latinsk\u00e9 Ameriky. Z\u00e1kladem manismu je p\u0159esv\u011bd\u010den\u00ed, \u017ee duchov\u00e9 zem\u0159el\u00fdch p\u0159edk\u016f mohou ovliv\u0148ovat osudy sv\u00fdch potomk\u016f, poskytovat ochranu, rady nebo dokonce trestat za ne\u00factu.<\/p>\n\n\n\n<p>Manismus \u010dasto zahrnuje ritu\u00e1ly, ob\u0159ady a ob\u011bti, kter\u00e9 maj\u00ed za c\u00edl udr\u017eovat harmonii mezi \u017eiv\u00fdmi a duchy p\u0159edk\u016f. Tyto praktiky mohou zahrnovat modlitby, zp\u011bvy, tance nebo ob\u011btov\u00e1n\u00ed j\u00eddla, n\u00e1poj\u016f \u010di jin\u00fdch dar\u016f. P\u0159edm\u011bty spojen\u00e9 s p\u0159edky, jako jsou fotografie, sochy nebo relikvie, mohou b\u00fdt pova\u017eov\u00e1ny za posv\u00e1tn\u00e9 a hr\u00e1t kl\u00ed\u010dovou roli v t\u011bchto ritu\u00e1lech.<\/p>\n\n\n\n<p>V n\u011bkter\u00fdch kultur\u00e1ch je manismus \u00fazce spojen s rodinnou strukturou a soci\u00e1ln\u00ed hierarchi\u00ed. P\u0159edkov\u00e9 jsou \u010dasto vn\u00edm\u00e1ni jako str\u00e1\u017eci rodinn\u00fdch tradic a hodnot, a jejich uct\u00edv\u00e1n\u00ed m\u016f\u017ee posilovat pocit identity a soudr\u017enosti v komunit\u011b. Manismus tak\u00e9 m\u016f\u017ee slou\u017eit jako prost\u0159edek k \u0159e\u0161en\u00ed konflikt\u016f nebo hled\u00e1n\u00ed odpov\u011bd\u00ed na ot\u00e1zky t\u00fdkaj\u00edc\u00ed se \u017eivota a smrti.<\/p>\n\n\n\n<p>Z pohledu antropologie a religionistiky je manismus zaj\u00edmav\u00fdm p\u0159\u00edkladem toho, jak lid\u00e9 hledaj\u00ed smysl a spojen\u00ed s minulost\u00ed. P\u0159esto\u017ee modern\u00ed spole\u010dnost \u010dasto klade d\u016fraz na individualismus, manismus p\u0159ipom\u00edn\u00e1 d\u016fle\u017eitost kolektivn\u00ed pam\u011bti a \u00facty k p\u0159edk\u016fm.<\/p>\n","protected":false},"excerpt":{"rendered":"<p>Manismus je n\u00e1bo\u017eensk\u00fd a kulturn\u00ed koncept, kter\u00fd se zam\u011b\u0159uje na uct\u00edv\u00e1n\u00ed p\u0159edk\u016f a v\u00edru v jejich pokra\u010duj\u00edc\u00ed vliv na \u017eivot \u017eiv\u00fdch. Tento fenom\u00e9n je roz\u0161\u00ed\u0159en\u00fd v mnoha kultur\u00e1ch po cel\u00e9m sv\u011bt\u011b, zejm\u00e9na v tradi\u010dn\u00edch spole\u010dnostech Afriky, Asie, Oce\u00e1nie a Latinsk\u00e9 Ameriky. Z\u00e1kladem manismu je p\u0159esv\u011bd\u010den\u00ed, \u017ee duchov\u00e9 zem\u0159el\u00fdch p\u0159edk\u016f mohou ovliv\u0148ovat osudy sv\u00fdch potomk\u016f, poskytovat [&hellip;]<\/p>\n","protected":false},"author":1,"featured_media":0,"parent":305,"menu_order":0,"comment_status":"closed","ping_status":"closed","template":"","meta":{"footnotes":""},"class_list":["post-353","page","type-page","status-publish","hentry"],"_links":{"self":[{"href":"https:\/\/www.nijak.cz\/index.php?rest_route=\/wp\/v2\/pages\/353","targetHints":{"allow":["GET"]}}],"collection":[{"href":"https:\/\/www.nijak.cz\/index.php?rest_route=\/wp\/v2\/pages"}],"about":[{"href":"https:\/\/www.nijak.cz\/index.php?rest_route=\/wp\/v2\/types\/page"}],"author":[{"embeddable":true,"href":"https:\/\/www.nijak.cz\/index.php?rest_route=\/wp\/v2\/users\/1"}],"replies":[{"embeddable":true,"href":"https:\/\/www.nijak.cz\/index.php?rest_route=%2Fwp%2Fv2%2Fcomments&post=353"}],"version-history":[{"count":1,"href":"https:\/\/www.nijak.cz\/index.php?rest_route=\/wp\/v2\/pages\/353\/revisions"}],"predecessor-version":[{"id":354,"href":"https:\/\/www.nijak.cz\/index.php?rest_route=\/wp\/v2\/pages\/353\/revisions\/354"}],"up":[{"embeddable":true,"href":"https:\/\/www.nijak.cz\/index.php?rest_route=\/wp\/v2\/pages\/305"}],"wp:attachment":[{"href":"https:\/\/www.nijak.cz\/index.php?rest_route=%2Fwp%2Fv2%2Fmedia&parent=353"}],"curies":[{"name":"wp","href":"https:\/\/api.w.org\/{rel}","templated":true}]}}