{"id":355,"date":"2025-04-02T15:37:18","date_gmt":"2025-04-02T15:37:18","guid":{"rendered":"https:\/\/www.nijak.cz\/?page_id=355"},"modified":"2025-04-02T15:38:25","modified_gmt":"2025-04-02T15:38:25","slug":"totemismus","status":"publish","type":"page","link":"https:\/\/www.nijak.cz\/?page_id=355","title":{"rendered":"Totemismus"},"content":{"rendered":"\n<p>Totemismus je kulturn\u00ed a n\u00e1bo\u017eensk\u00fd koncept, kter\u00fd spojuje ur\u010ditou skupinu lid\u00ed, jako je kmen nebo rodina, s totemem \u2013 obvykle jde o zv\u00ed\u0159e, rostlinu nebo jin\u00fd p\u0159\u00edrodn\u00ed objekt, jen\u017e m\u00e1 hlubok\u00fd symbolick\u00fd v\u00fdznam. Tento totem je pova\u017eov\u00e1n za posv\u00e1tn\u00fd a \u010dasto se v\u011b\u0159\u00ed, \u017ee poskytuje ochranu, s\u00edlu nebo duchovn\u00ed veden\u00ed. Totemismus je b\u011b\u017en\u00fd v mnoha tradi\u010dn\u00edch spole\u010dnostech po cel\u00e9m sv\u011bt\u011b, v\u010detn\u011b domorod\u00fdch kultur Severn\u00ed Ameriky, Austr\u00e1lie, Afriky a Oce\u00e1nie.<\/p>\n\n\n\n<p>Hlavn\u00edm rysem totemismu je propojen\u00ed lid\u00ed s p\u0159\u00edrodou prost\u0159ednictv\u00edm duchovn\u00ed symboliky. Totemy \u010dasto p\u0159edstavuj\u00ed vlastnosti nebo kvality, kter\u00e9 si skupina p\u0159eje napodobovat, nap\u0159\u00edklad odvahu u medv\u011bda nebo moudrost u sovy. Totem m\u016f\u017ee b\u00fdt zobrazov\u00e1n v um\u011bn\u00ed, ritu\u00e1lech nebo na posv\u00e1tn\u00fdch m\u00edstech, a jeho uct\u00edv\u00e1n\u00ed m\u016f\u017ee zahrnovat r\u016fzn\u00e9 ob\u0159ady, tance nebo modlitby.<\/p>\n\n\n\n<p>Antropologov\u00e9, jako byl \u00c9mile Durkheim a Claude L\u00e9vi-Strauss, studovali totemismus jako formu soci\u00e1ln\u00ed organizace a duchovn\u00ed praxe. Durkheim nap\u0159\u00edklad pova\u017eoval totemismus za z\u00e1kladn\u00ed formu n\u00e1bo\u017eenstv\u00ed, kter\u00e1 pom\u00e1h\u00e1 udr\u017eovat soci\u00e1ln\u00ed soudr\u017enost a identitu skupiny. L\u00e9vi-Strauss zkoumal symbolick\u00fd v\u00fdznam totem\u016f a jejich roli v mytologii a kulturn\u00ed logice.<\/p>\n\n\n\n<p>V modern\u00edm kontextu je totemismus \u010dasto vn\u00edm\u00e1n jako zp\u016fsob, jak si uchovat kulturn\u00ed identitu a spojen\u00ed s p\u0159\u00edrodn\u00edm sv\u011btem. I kdy\u017e mnoho tradi\u010dn\u00edch forem totemismu zaniklo nebo se transformovalo, prvky t\u00e9to praxe lze st\u00e1le nal\u00e9zt v um\u011bn\u00ed, literatu\u0159e a ekoturistice, kde se vyu\u017e\u00edv\u00e1 motiv\u016f inspirovan\u00fdch p\u0159\u00edrodou.<\/p>\n","protected":false},"excerpt":{"rendered":"<p>Totemismus je kulturn\u00ed a n\u00e1bo\u017eensk\u00fd koncept, kter\u00fd spojuje ur\u010ditou skupinu lid\u00ed, jako je kmen nebo rodina, s totemem \u2013 obvykle jde o zv\u00ed\u0159e, rostlinu nebo jin\u00fd p\u0159\u00edrodn\u00ed objekt, jen\u017e m\u00e1 hlubok\u00fd symbolick\u00fd v\u00fdznam. Tento totem je pova\u017eov\u00e1n za posv\u00e1tn\u00fd a \u010dasto se v\u011b\u0159\u00ed, \u017ee poskytuje ochranu, s\u00edlu nebo duchovn\u00ed veden\u00ed. Totemismus je b\u011b\u017en\u00fd v mnoha [&hellip;]<\/p>\n","protected":false},"author":1,"featured_media":0,"parent":305,"menu_order":0,"comment_status":"closed","ping_status":"closed","template":"","meta":{"footnotes":""},"class_list":["post-355","page","type-page","status-publish","hentry"],"_links":{"self":[{"href":"https:\/\/www.nijak.cz\/index.php?rest_route=\/wp\/v2\/pages\/355","targetHints":{"allow":["GET"]}}],"collection":[{"href":"https:\/\/www.nijak.cz\/index.php?rest_route=\/wp\/v2\/pages"}],"about":[{"href":"https:\/\/www.nijak.cz\/index.php?rest_route=\/wp\/v2\/types\/page"}],"author":[{"embeddable":true,"href":"https:\/\/www.nijak.cz\/index.php?rest_route=\/wp\/v2\/users\/1"}],"replies":[{"embeddable":true,"href":"https:\/\/www.nijak.cz\/index.php?rest_route=%2Fwp%2Fv2%2Fcomments&post=355"}],"version-history":[{"count":1,"href":"https:\/\/www.nijak.cz\/index.php?rest_route=\/wp\/v2\/pages\/355\/revisions"}],"predecessor-version":[{"id":356,"href":"https:\/\/www.nijak.cz\/index.php?rest_route=\/wp\/v2\/pages\/355\/revisions\/356"}],"up":[{"embeddable":true,"href":"https:\/\/www.nijak.cz\/index.php?rest_route=\/wp\/v2\/pages\/305"}],"wp:attachment":[{"href":"https:\/\/www.nijak.cz\/index.php?rest_route=%2Fwp%2Fv2%2Fmedia&parent=355"}],"curies":[{"name":"wp","href":"https:\/\/api.w.org\/{rel}","templated":true}]}}