{"id":411,"date":"2025-04-04T12:22:11","date_gmt":"2025-04-04T12:22:11","guid":{"rendered":"https:\/\/www.nijak.cz\/?page_id=411"},"modified":"2025-04-04T12:32:01","modified_gmt":"2025-04-04T12:32:01","slug":"obsedantne-kompulzivni-porucha-ocd","status":"publish","type":"page","link":"https:\/\/www.nijak.cz\/?page_id=411","title":{"rendered":"Obsedantn\u011b-kompulzivn\u00ed porucha (OCD)"},"content":{"rendered":"\n<p>Obsedantn\u011b-kompulzivn\u00ed porucha (OCD) je chronick\u00e9 du\u0161evn\u00ed onemocn\u011bn\u00ed, kter\u00e9 se vyzna\u010duje p\u0159\u00edtomnost\u00ed obsedantn\u00edch my\u0161lenek a kompulzivn\u00edho chov\u00e1n\u00ed. Tyto p\u0159\u00edznaky mohou v\u00fdrazn\u011b naru\u0161ovat ka\u017edodenn\u00ed \u017eivot jedince, jeho vztahy a pracovn\u00ed v\u00fdkon.<\/p>\n\n\n\n<p><strong>Obsese<\/strong> jsou necht\u011bn\u00e9, opakuj\u00edc\u00ed se my\u0161lenky, nutk\u00e1n\u00ed nebo obrazy, kter\u00e9 zp\u016fsobuj\u00ed \u00fazkost nebo nepohodl\u00ed. Nap\u0159\u00edklad jedinec m\u016f\u017ee m\u00edt strach z kontaminace nebo neust\u00e1l\u00e9 obavy o bezpe\u010d\u00ed sv\u00e9 nebo sv\u00fdch bl\u00edzk\u00fdch. <strong>Kompulze<\/strong> jsou opakuj\u00edc\u00ed se \u010dinnosti nebo ritu\u00e1ly, kter\u00e9 jedinec vykon\u00e1v\u00e1, aby se zbavil \u00fazkosti spojen\u00e9 s obsesemi. Tyto \u010dinnosti v\u0161ak nep\u0159in\u00e1\u0161ej\u00ed dlouhodobou \u00falevu a \u010dasto se st\u00e1vaj\u00ed \u010dasov\u011b n\u00e1ro\u010dn\u00fdmi. P\u0159\u00edkladem kompulze m\u016f\u017ee b\u00fdt neust\u00e1l\u00e9 myt\u00ed rukou, kontrolov\u00e1n\u00ed zam\u010den\u00fdch dve\u0159\u00ed nebo po\u010d\u00edt\u00e1n\u00ed ur\u010dit\u00fdch p\u0159edm\u011bt\u016f.<\/p>\n\n\n\n<p>P\u0159\u00ed\u010diny OCD nejsou zcela zn\u00e1m\u00e9, ale v\u00fdzkum nazna\u010duje kombinaci biologick\u00fdch, genetick\u00fdch a environment\u00e1ln\u00edch faktor\u016f. Neurochemick\u00e9 zm\u011bny v mozku, zejm\u00e9na v serotonergn\u00edm syst\u00e9mu, mohou hr\u00e1t v\u00fdznamnou roli. Traumatick\u00e9 z\u00e1\u017eitky nebo dlouhodob\u00fd stres mohou rovn\u011b\u017e p\u0159isp\u011bt k rozvoji poruchy.<\/p>\n\n\n\n<p>Diagn\u00f3za OCD se obvykle prov\u00e1d\u00ed na z\u00e1klad\u011b rozhovoru s odborn\u00edkem na du\u0161evn\u00ed zdrav\u00ed. Hodnot\u00ed se intenzita, \u010detnost a dopad obses\u00ed a kompulz\u00ed na \u017eivot pacienta. Existuj\u00ed tak\u00e9 standardizovan\u00e9 dotazn\u00edky, kter\u00e9 mohou pomoci diagnostiku up\u0159esnit.<\/p>\n\n\n\n<p>L\u00e9\u010dba OCD zahrnuje kombinaci psychoterapie, medikace a v n\u011bkter\u00fdch p\u0159\u00edpadech zm\u011bny \u017eivotn\u00edho stylu. Kognitivn\u011b-behavior\u00e1ln\u00ed terapie (CBT), zejm\u00e9na jej\u00ed forma zn\u00e1m\u00e1 jako expozice a prevence ritu\u00e1l\u016f (ERP), je pova\u017eov\u00e1na za velmi \u00fa\u010dinnou. Medikament\u00f3zn\u00ed l\u00e9\u010dba zahrnuje pou\u017eit\u00ed antidepresiv, jako jsou selektivn\u00ed inhibitory zp\u011btn\u00e9ho vychyt\u00e1v\u00e1n\u00ed serotoninu (SSRI). Pravideln\u00fd re\u017eim, relaxa\u010dn\u00ed techniky a podpora bl\u00edzk\u00fdch tak\u00e9 hraj\u00ed v\u00fdznamnou roli v l\u00e9\u010db\u011b.<\/p>\n\n\n\n<p>OCD je zvl\u00e1dnuteln\u00e9 onemocn\u011bn\u00ed a mnoho lid\u00ed, kte\u0159\u00ed podstoup\u00ed l\u00e9\u010dbu, zaznamen\u00e1v\u00e1 v\u00fdrazn\u00e9 zlep\u0161en\u00ed kvality \u017eivota.<\/p>\n","protected":false},"excerpt":{"rendered":"<p>Obsedantn\u011b-kompulzivn\u00ed porucha (OCD) je chronick\u00e9 du\u0161evn\u00ed onemocn\u011bn\u00ed, kter\u00e9 se vyzna\u010duje p\u0159\u00edtomnost\u00ed obsedantn\u00edch my\u0161lenek a kompulzivn\u00edho chov\u00e1n\u00ed. Tyto p\u0159\u00edznaky mohou v\u00fdrazn\u011b naru\u0161ovat ka\u017edodenn\u00ed \u017eivot jedince, jeho vztahy a pracovn\u00ed v\u00fdkon. Obsese jsou necht\u011bn\u00e9, opakuj\u00edc\u00ed se my\u0161lenky, nutk\u00e1n\u00ed nebo obrazy, kter\u00e9 zp\u016fsobuj\u00ed \u00fazkost nebo nepohodl\u00ed. Nap\u0159\u00edklad jedinec m\u016f\u017ee m\u00edt strach z kontaminace nebo neust\u00e1l\u00e9 obavy o bezpe\u010d\u00ed [&hellip;]<\/p>\n","protected":false},"author":1,"featured_media":0,"parent":399,"menu_order":0,"comment_status":"closed","ping_status":"closed","template":"","meta":{"footnotes":""},"class_list":["post-411","page","type-page","status-publish","hentry"],"_links":{"self":[{"href":"https:\/\/www.nijak.cz\/index.php?rest_route=\/wp\/v2\/pages\/411","targetHints":{"allow":["GET"]}}],"collection":[{"href":"https:\/\/www.nijak.cz\/index.php?rest_route=\/wp\/v2\/pages"}],"about":[{"href":"https:\/\/www.nijak.cz\/index.php?rest_route=\/wp\/v2\/types\/page"}],"author":[{"embeddable":true,"href":"https:\/\/www.nijak.cz\/index.php?rest_route=\/wp\/v2\/users\/1"}],"replies":[{"embeddable":true,"href":"https:\/\/www.nijak.cz\/index.php?rest_route=%2Fwp%2Fv2%2Fcomments&post=411"}],"version-history":[{"count":1,"href":"https:\/\/www.nijak.cz\/index.php?rest_route=\/wp\/v2\/pages\/411\/revisions"}],"predecessor-version":[{"id":412,"href":"https:\/\/www.nijak.cz\/index.php?rest_route=\/wp\/v2\/pages\/411\/revisions\/412"}],"up":[{"embeddable":true,"href":"https:\/\/www.nijak.cz\/index.php?rest_route=\/wp\/v2\/pages\/399"}],"wp:attachment":[{"href":"https:\/\/www.nijak.cz\/index.php?rest_route=%2Fwp%2Fv2%2Fmedia&parent=411"}],"curies":[{"name":"wp","href":"https:\/\/api.w.org\/{rel}","templated":true}]}}