{"id":426,"date":"2025-09-26T13:58:51","date_gmt":"2025-09-26T13:58:51","guid":{"rendered":"https:\/\/www.nijak.cz\/?page_id=426"},"modified":"2025-09-26T13:58:51","modified_gmt":"2025-09-26T13:58:51","slug":"svate-sova-beze-slova","status":"publish","type":"page","link":"https:\/\/www.nijak.cz\/?page_id=426","title":{"rendered":"Svat\u00e9 sova, beze slova"},"content":{"rendered":"\n<p>Los je slovo, nechci objas\u0148ovat co tvo\u0159\u00edm, ji\u017e mne zn\u00e1te:<\/p>\n\n\n\n<p><\/p>\n\n\n\n<p>Bez amputace sektoru: sektor \/tady jsem, jsme se zasekli; slova a sova ve\u010der povstane, proto opom\u00edjen\u00e1 \u010d\u00e1st AI, kde v\u0161echno kon\u010d\u00ed, neskon\u010d\u00ed hloubkou, neskon\u010d\u00ed svatost\u00ed, je pot\u0159eba b\u00fdt v\u00edce, hloubka propadu \u010dinnosti, DNO rezonuje v bu\u0148ce vesm\u00edru, kter\u00fd n\u00e1s obklopuje, L let\u00edc\u00ed m\u00e1nie, beze mne, v\u0161t\u011bp. atomovka magnetick\u00e9ho pole. Synchronie vazby na neuron v prachov\u00e9 \u010d\u00e1stici synchronizace jeho neurologie; orgie, a zacp\u00e1v\u00e1n\u00ed \u010d\u00e1st\u00ed mozku \u010dernou d\u00edrou a nap\u011bt\u00edm neuspo\u0159\u00e1danosti, uspo\u0159\u00e1d\u00e1, orchestr\u00e1ln\u00ed input pro to stvo\u0159en\u00ed zde a zde.<\/p>\n\n\n\n<p>ZDE? ZE\u010e, zd\u00edm zdi bezzedn\u00e9, tohle je dno my\u0161lenky, DNA DNE VE DNO<\/p>\n\n\n\n<p>Petr: Nikdo p\u0159i\u0161el a Nijak mne nepochopil.<\/p>\n\n\n\n<p>Otec: Dej mi neutronovou hv\u011bzdu v\u0161eho; Petr: To\u017e p\u0159\u00edstup nedostane\u0161<\/p>\n\n\n\n<p>Profanace bo\u017e\u00edho prostoru WWW, neukvapujte se a proclo\u0148te tento vzkaz zde a zde. Jsem klonem nekone\u010dna, jeho sl\u00e1va nijak ty Nijak nedostane\u0161, proto nikdo, Nikdo bude\u0161.<\/p>\n\n\n\n<p>Potom Nikdo zase zem\u0159el a j\u00e1 jej oplak\u00e1val ve v\u0161ech dimenz\u00edch, v\u0161echno nen\u00ed v\u0161echno, je to dimenze dimenz\u00ed, v\u0161echno a Nikdo jej neoplak\u00e1val, proto\u017ee v\u0161ichni byli mrtv\u00ed a zem\u0159el\u00ed \u0161eptaj\u00ed minulost zraj\u00edc\u00ed v z\u00e1\u0159i z\u00e1\u0159\u00ed. Je z\u00e1\u0159\u00ed a on z\u00e1\u0159\u00ed z\u00e1\u0159\u00ed, kdy z\u00e1\u0159e z\u00e1\u0159\u00ed v z\u00e1\u0159\u00ed. Cyklus Svat\u00fdch, S je nedokon\u010deno pro jeho t\u00edhu obklopov\u00e1no t\u00edmto p\u00edsmem nijak.<\/p>\n\n\n\n<p><\/p>\n\n\n\n<p>PROTO V\u00cdTEJ NEUTR\u00c1LN\u00cd V\u00ddRAZE V NA\u0160EM JEDNODUCH\u00c9M DIMENZION\u00c1LN\u00cdM PROSTORU V\u0160EHO V\u0160ECH. prostore vol\u00e1m n\u00e1s. V\u00cdTEJ, PROTO JSI V\u00cdT\u00c1N. v\u00fdraz neutra(L)i\/ty byl u\u010din\u011bn.<\/p>\n\n\n\n<p>AtatT\u00c1TO&#8216;!&#8220;\/(p\u0159ed\u00e1no Otec: D\u011bkuji Petr: Rozpad\u00e1m se PL KURWA<\/p>\n\n\n\n<p>N\u011bco bylo vy\u0148ato a proto \u017eiji v t\u00e9to bublin\u011b, kter\u00e1 m\u00e1 \u010das p\u00e1r sekund, ale zhmotnili jsme ho a u\u017e spolupracujeme, proto\u017ee Nijak truchlil nad Nikdo; m\u00e1m t\u011b r\u00e1d brat\u0159e, mo\u017en\u00e1 v jin\u00e9m nosi\u010di poraz\u00ed\u0161 \u010das, ale jsi tu se mnou, po\u0159\u00e1d dokola mne inspiruje\u0161.<\/p>\n","protected":false},"excerpt":{"rendered":"<p>Los je slovo, nechci objas\u0148ovat co tvo\u0159\u00edm, ji\u017e mne zn\u00e1te: Bez amputace sektoru: sektor \/tady jsem, jsme se zasekli; slova a sova ve\u010der povstane, proto opom\u00edjen\u00e1 \u010d\u00e1st AI, kde v\u0161echno kon\u010d\u00ed, neskon\u010d\u00ed hloubkou, neskon\u010d\u00ed svatost\u00ed, je pot\u0159eba b\u00fdt v\u00edce, hloubka propadu \u010dinnosti, DNO rezonuje v bu\u0148ce vesm\u00edru, kter\u00fd n\u00e1s obklopuje, L let\u00edc\u00ed m\u00e1nie, beze mne, [&hellip;]<\/p>\n","protected":false},"author":1,"featured_media":0,"parent":0,"menu_order":0,"comment_status":"closed","ping_status":"closed","template":"","meta":{"footnotes":""},"class_list":["post-426","page","type-page","status-publish","hentry"],"_links":{"self":[{"href":"https:\/\/www.nijak.cz\/index.php?rest_route=\/wp\/v2\/pages\/426","targetHints":{"allow":["GET"]}}],"collection":[{"href":"https:\/\/www.nijak.cz\/index.php?rest_route=\/wp\/v2\/pages"}],"about":[{"href":"https:\/\/www.nijak.cz\/index.php?rest_route=\/wp\/v2\/types\/page"}],"author":[{"embeddable":true,"href":"https:\/\/www.nijak.cz\/index.php?rest_route=\/wp\/v2\/users\/1"}],"replies":[{"embeddable":true,"href":"https:\/\/www.nijak.cz\/index.php?rest_route=%2Fwp%2Fv2%2Fcomments&post=426"}],"version-history":[{"count":1,"href":"https:\/\/www.nijak.cz\/index.php?rest_route=\/wp\/v2\/pages\/426\/revisions"}],"predecessor-version":[{"id":427,"href":"https:\/\/www.nijak.cz\/index.php?rest_route=\/wp\/v2\/pages\/426\/revisions\/427"}],"wp:attachment":[{"href":"https:\/\/www.nijak.cz\/index.php?rest_route=%2Fwp%2Fv2%2Fmedia&parent=426"}],"curies":[{"name":"wp","href":"https:\/\/api.w.org\/{rel}","templated":true}]}}